{"id":5,"date":"2021-05-13T15:12:44","date_gmt":"2021-05-13T15:12:44","guid":{"rendered":"https:\/\/sante-shiatsu.com\/?page_id=5"},"modified":"2021-05-16T19:24:10","modified_gmt":"2021-05-16T19:24:10","slug":"accueil","status":"publish","type":"page","link":"https:\/\/sante-shiatsu.com\/","title":{"rendered":"Accueil"},"content":{"rendered":"\t\t<div data-elementor-type=\"wp-page\" data-elementor-id=\"5\" class=\"elementor elementor-5\">\n\t\t\t\t\t\t<section class=\"elementor-section elementor-top-section elementor-element elementor-element-742293c animated-slow elementor-section-boxed elementor-section-height-default elementor-section-height-default elementor-invisible\" data-id=\"742293c\" data-element_type=\"section\" data-e-type=\"section\" data-settings=\"{&quot;background_background&quot;:&quot;classic&quot;,&quot;shape_divider_bottom&quot;:&quot;opacity-tilt&quot;,&quot;animation&quot;:&quot;fadeIn&quot;}\">\n\t\t\t\t\t\t\t<div class=\"elementor-background-overlay\"><\/div>\n\t\t\t\t\t\t<div class=\"elementor-shape elementor-shape-bottom\" aria-hidden=\"true\" data-negative=\"false\">\n\t\t\t<svg xmlns=\"http:\/\/www.w3.org\/2000\/svg\" viewBox=\"0 0 2600 131.1\" preserveAspectRatio=\"none\">\n\t<path class=\"elementor-shape-fill\" d=\"M0 0L2600 0 2600 69.1 0 0z\"\/>\n\t<path class=\"elementor-shape-fill\" style=\"opacity:0.5\" d=\"M0 0L2600 0 2600 69.1 0 69.1z\"\/>\n\t<path class=\"elementor-shape-fill\" style=\"opacity:0.25\" d=\"M2600 0L0 0 0 130.1 2600 69.1z\"\/>\n<\/svg>\t\t<\/div>\n\t\t\t\t\t<div class=\"elementor-container elementor-column-gap-default\">\n\t\t\t\t\t<div class=\"elementor-column elementor-col-100 elementor-top-column elementor-element elementor-element-a475c6c\" data-id=\"a475c6c\" data-element_type=\"column\" data-e-type=\"column\">\n\t\t\t<div class=\"elementor-widget-wrap elementor-element-populated\">\n\t\t\t\t\t\t<div class=\"elementor-element elementor-element-f808232 elementor-widget elementor-widget-spacer\" data-id=\"f808232\" data-element_type=\"widget\" data-e-type=\"widget\" data-widget_type=\"spacer.default\">\n\t\t\t\t<div class=\"elementor-widget-container\">\n\t\t\t\t\t\t\t<div class=\"elementor-spacer\">\n\t\t\t<div class=\"elementor-spacer-inner\"><\/div>\n\t\t<\/div>\n\t\t\t\t\t\t<\/div>\n\t\t\t\t<\/div>\n\t\t\t\t<div class=\"elementor-element elementor-element-73aa9d9 elementor-widget elementor-widget-heading\" data-id=\"73aa9d9\" data-element_type=\"widget\" data-e-type=\"widget\" data-widget_type=\"heading.default\">\n\t\t\t\t<div class=\"elementor-widget-container\">\n\t\t\t\t\t<h2 class=\"elementor-heading-title elementor-size-default\">Pensez Sant\u00e9, Pensez Shiatsu<\/h2>\t\t\t\t<\/div>\n\t\t\t\t<\/div>\n\t\t\t\t<div class=\"elementor-element elementor-element-e40fc7d elementor-widget elementor-widget-heading\" data-id=\"e40fc7d\" data-element_type=\"widget\" data-e-type=\"widget\" data-widget_type=\"heading.default\">\n\t\t\t\t<div class=\"elementor-widget-container\">\n\t\t\t\t\t<h2 class=\"elementor-heading-title elementor-size-default\">Val\u00e9rie Maugard - Praticienne Shiatsu<\/h2>\t\t\t\t<\/div>\n\t\t\t\t<\/div>\n\t\t\t\t<section class=\"elementor-section elementor-inner-section elementor-element elementor-element-c7057d6 elementor-section-boxed elementor-section-height-default elementor-section-height-default\" data-id=\"c7057d6\" data-element_type=\"section\" data-e-type=\"section\">\n\t\t\t\t\t\t<div class=\"elementor-container elementor-column-gap-default\">\n\t\t\t\t\t<div class=\"elementor-column elementor-col-50 elementor-inner-column elementor-element elementor-element-ef73806\" data-id=\"ef73806\" data-element_type=\"column\" data-e-type=\"column\">\n\t\t\t<div class=\"elementor-widget-wrap elementor-element-populated\">\n\t\t\t\t\t\t<div class=\"elementor-element elementor-element-5f50374 elementor-align-right elementor-widget elementor-widget-button\" data-id=\"5f50374\" data-element_type=\"widget\" data-e-type=\"widget\" data-widget_type=\"button.default\">\n\t\t\t\t<div class=\"elementor-widget-container\">\n\t\t\t\t\t\t\t\t\t<div class=\"elementor-button-wrapper\">\n\t\t\t\t\t<a class=\"elementor-button elementor-button-link elementor-size-sm\" href=\"#\">\n\t\t\t\t\t\t<span class=\"elementor-button-content-wrapper\">\n\t\t\t\t\t\t<span class=\"elementor-button-icon\">\n\t\t\t\t<i aria-hidden=\"true\" class=\"fas fa-phone-alt\"><\/i>\t\t\t<\/span>\n\t\t\t\t\t\t\t\t\t<span class=\"elementor-button-text\">06.09.51.12.53<\/span>\n\t\t\t\t\t<\/span>\n\t\t\t\t\t<\/a>\n\t\t\t\t<\/div>\n\t\t\t\t\t\t\t\t<\/div>\n\t\t\t\t<\/div>\n\t\t\t\t\t<\/div>\n\t\t<\/div>\n\t\t\t\t<div class=\"elementor-column elementor-col-50 elementor-inner-column elementor-element elementor-element-123f747\" data-id=\"123f747\" data-element_type=\"column\" data-e-type=\"column\">\n\t\t\t<div class=\"elementor-widget-wrap elementor-element-populated\">\n\t\t\t\t\t\t<div class=\"elementor-element elementor-element-d293e36 elementor-align-left elementor-hidden-tablet elementor-hidden-phone elementor-widget elementor-widget-button\" data-id=\"d293e36\" data-element_type=\"widget\" data-e-type=\"widget\" data-widget_type=\"button.default\">\n\t\t\t\t<div class=\"elementor-widget-container\">\n\t\t\t\t\t\t\t\t\t<div class=\"elementor-button-wrapper\">\n\t\t\t\t\t<a class=\"elementor-button elementor-button-link elementor-size-sm\" href=\"#\">\n\t\t\t\t\t\t<span class=\"elementor-button-content-wrapper\">\n\t\t\t\t\t\t<span class=\"elementor-button-icon\">\n\t\t\t\t<i aria-hidden=\"true\" class=\"fas fa-at\"><\/i>\t\t\t<\/span>\n\t\t\t\t\t\t\t\t\t<span class=\"elementor-button-text\">v.maugard@sante-shiatsu.com<\/span>\n\t\t\t\t\t<\/span>\n\t\t\t\t\t<\/a>\n\t\t\t\t<\/div>\n\t\t\t\t\t\t\t\t<\/div>\n\t\t\t\t<\/div>\n\t\t\t\t\t<\/div>\n\t\t<\/div>\n\t\t\t\t\t<\/div>\n\t\t<\/section>\n\t\t\t\t<div class=\"elementor-element elementor-element-1e577ab elementor-widget elementor-widget-spacer\" data-id=\"1e577ab\" data-element_type=\"widget\" data-e-type=\"widget\" data-widget_type=\"spacer.default\">\n\t\t\t\t<div class=\"elementor-widget-container\">\n\t\t\t\t\t\t\t<div class=\"elementor-spacer\">\n\t\t\t<div class=\"elementor-spacer-inner\"><\/div>\n\t\t<\/div>\n\t\t\t\t\t\t<\/div>\n\t\t\t\t<\/div>\n\t\t\t\t<div class=\"elementor-element elementor-element-61fbe10 elementor-widget elementor-widget-text-editor\" data-id=\"61fbe10\" data-element_type=\"widget\" data-e-type=\"widget\" data-widget_type=\"text-editor.default\">\n\t\t\t\t<div class=\"elementor-widget-container\">\n\t\t\t\t\t\t\t\t\t<p>\u00ab\u00a0Il ne faut que demeurer en repos. La Nature d&rsquo;elle-m\u00eame, si nous la laissons faire, se tire doucement du d\u00e9sordre o\u00f9 elle est tomb\u00e9e.<br \/>C&rsquo;est notre inqui\u00e9tude, c&rsquo;est notre impatience qui g\u00e2te tout; et presque tous les Hommes meurent de leurs rem\u00e8des et non de leur maladie\u00a0\u00bb<\/p><p>Moli\u00e8re &#8211; <em>Le malade imaginaire<\/em><\/p>\t\t\t\t\t\t\t\t<\/div>\n\t\t\t\t<\/div>\n\t\t\t\t\t<\/div>\n\t\t<\/div>\n\t\t\t\t\t<\/div>\n\t\t<\/section>\n\t\t\t\t<section class=\"elementor-section elementor-top-section elementor-element elementor-element-8e84e51 elementor-section-boxed elementor-section-height-default elementor-section-height-default\" data-id=\"8e84e51\" data-element_type=\"section\" data-e-type=\"section\" data-settings=\"{&quot;background_background&quot;:&quot;classic&quot;,&quot;shape_divider_top&quot;:&quot;opacity-tilt&quot;}\">\n\t\t\t\t\t\t\t<div class=\"elementor-background-overlay\"><\/div>\n\t\t\t\t\t\t<div class=\"elementor-shape elementor-shape-top\" aria-hidden=\"true\" data-negative=\"false\">\n\t\t\t<svg xmlns=\"http:\/\/www.w3.org\/2000\/svg\" viewBox=\"0 0 2600 131.1\" preserveAspectRatio=\"none\">\n\t<path class=\"elementor-shape-fill\" d=\"M0 0L2600 0 2600 69.1 0 0z\"\/>\n\t<path class=\"elementor-shape-fill\" style=\"opacity:0.5\" d=\"M0 0L2600 0 2600 69.1 0 69.1z\"\/>\n\t<path class=\"elementor-shape-fill\" style=\"opacity:0.25\" d=\"M2600 0L0 0 0 130.1 2600 69.1z\"\/>\n<\/svg>\t\t<\/div>\n\t\t\t\t\t<div class=\"elementor-container elementor-column-gap-default\">\n\t\t\t\t\t<div class=\"elementor-column elementor-col-100 elementor-top-column elementor-element elementor-element-c857b1d\" data-id=\"c857b1d\" data-element_type=\"column\" data-e-type=\"column\">\n\t\t\t<div class=\"elementor-widget-wrap elementor-element-populated\">\n\t\t\t\t\t\t<div class=\"elementor-element elementor-element-ced6b75 elementor-widget elementor-widget-spacer\" data-id=\"ced6b75\" data-element_type=\"widget\" data-e-type=\"widget\" data-widget_type=\"spacer.default\">\n\t\t\t\t<div class=\"elementor-widget-container\">\n\t\t\t\t\t\t\t<div class=\"elementor-spacer\">\n\t\t\t<div class=\"elementor-spacer-inner\"><\/div>\n\t\t<\/div>\n\t\t\t\t\t\t<\/div>\n\t\t\t\t<\/div>\n\t\t\t\t<div class=\"elementor-element elementor-element-dbfdc27 elementor-widget elementor-widget-text-editor\" data-id=\"dbfdc27\" data-element_type=\"widget\" data-e-type=\"widget\" data-widget_type=\"text-editor.default\">\n\t\t\t\t<div class=\"elementor-widget-container\">\n\t\t\t\t\t\t\t\t\tJe pratique le shiatsu depuis <strong>quinze ans<\/strong> au sein de mon cabinet situ\u00e9 \u00e0 <strong>M\u00e9rignac Arlac<\/strong>.\n<br>Dans certains cas particuliers je peux me d\u00e9placer pour des <strong>soins \u00e0 domicile<\/strong>.\t\t\t\t\t\t\t\t<\/div>\n\t\t\t\t<\/div>\n\t\t\t\t<div class=\"elementor-element elementor-element-20b1e2f elementor-widget elementor-widget-spacer\" data-id=\"20b1e2f\" data-element_type=\"widget\" data-e-type=\"widget\" data-widget_type=\"spacer.default\">\n\t\t\t\t<div class=\"elementor-widget-container\">\n\t\t\t\t\t\t\t<div class=\"elementor-spacer\">\n\t\t\t<div class=\"elementor-spacer-inner\"><\/div>\n\t\t<\/div>\n\t\t\t\t\t\t<\/div>\n\t\t\t\t<\/div>\n\t\t\t\t<div class=\"elementor-element elementor-element-dca0b86 eael-fg-card-content-align-center elementor-widget elementor-widget-eael-filterable-gallery\" data-id=\"dca0b86\" data-element_type=\"widget\" data-e-type=\"widget\" data-settings=\"{&quot;photo_gallery&quot;:&quot;yes&quot;,&quot;pagination&quot;:&quot;false&quot;}\" data-widget_type=\"eael-filterable-gallery.default\">\n\t\t\t\t<div class=\"elementor-widget-container\">\n\t\t\t\t\t<style id=\"eael-fg-inline-css-dca0b86\">@media only screen and (max-width: 2399px) {\n\t\t\t\t\t.elementor-element.elementor-element-dca0b86 .eael-filterable-gallery-item-wrap {\n\t\t\t\t\t        width: 33.333333333333%;\n\t\t\t\t\t    }\n\t\t\t\t\t}@media only screen and (max-width: 1024px) {\n\t\t\t\t\t.elementor-element.elementor-element-dca0b86  .eael-filterable-gallery-item-wrap {\n\t\t\t\t\t        width: 50%;\n\t\t\t\t\t    }\n\t\t\t\t\t}@media only screen and (max-width: 767px) {\n\t\t\t\t\t.elementor-element.elementor-element-dca0b86  .eael-filterable-gallery-item-wrap {\n\t\t\t\t\t        width: 100%;\n\t\t\t\t\t    }\n\t\t\t\t\t}<\/style>        <div id=\"eael-filter-gallery-wrapper-dca0b86\" class=\"eael-filter-gallery-wrapper\" data-layout-mode=\"card\" data-breakpoints=\"{&quot;mobile&quot;:{&quot;label&quot;:&quot;Portrait mobile&quot;,&quot;value&quot;:767,&quot;default_value&quot;:767,&quot;direction&quot;:&quot;max&quot;,&quot;is_enabled&quot;:true},&quot;mobile_extra&quot;:{&quot;label&quot;:&quot;Mobile Paysage&quot;,&quot;value&quot;:880,&quot;default_value&quot;:880,&quot;direction&quot;:&quot;max&quot;,&quot;is_enabled&quot;:false},&quot;tablet&quot;:{&quot;label&quot;:&quot;Tablette en mode portrait&quot;,&quot;value&quot;:1024,&quot;default_value&quot;:1024,&quot;direction&quot;:&quot;max&quot;,&quot;is_enabled&quot;:true},&quot;tablet_extra&quot;:{&quot;label&quot;:&quot;Tablette en mode paysage&quot;,&quot;value&quot;:1200,&quot;default_value&quot;:1200,&quot;direction&quot;:&quot;max&quot;,&quot;is_enabled&quot;:false},&quot;laptop&quot;:{&quot;label&quot;:&quot;Portable&quot;,&quot;value&quot;:1366,&quot;default_value&quot;:1366,&quot;direction&quot;:&quot;max&quot;,&quot;is_enabled&quot;:false},&quot;widescreen&quot;:{&quot;label&quot;:&quot;\\u00c9cran large&quot;,&quot;value&quot;:2400,&quot;default_value&quot;:2400,&quot;direction&quot;:&quot;min&quot;,&quot;is_enabled&quot;:false}}\" data-default_control_key=\"0\" data-custom_default_control=\"1\">\n                    <div class=\"eael-filter-gallery-container eael-filter-gallery-grid\" data-images-per-page=\"\" data-total-gallery-items=\"3\" data-nomore-item-text=\"\" data-is-randomize=\"no\" data-settings=\"{&quot;grid_style&quot;:&quot;grid&quot;,&quot;popup&quot;:&quot;none&quot;,&quot;duration&quot;:500,&quot;gallery_enabled&quot;:&quot;yes&quot;,&quot;video_gallery_yt_privacy&quot;:&quot;&quot;,&quot;control_all_text&quot;:null,&quot;mobile_scroll_to_top&quot;:&quot;&quot;,&quot;mobile_scroll_offset&quot;:0,&quot;post_id&quot;:5,&quot;widget_id&quot;:&quot;dca0b86&quot;}\" data-search-all=\"\" data-gallery-items=\"WyI8ZGl2IGNsYXNzPVwiZWFlbC1maWx0ZXJhYmxlLWdhbGxlcnktaXRlbS13cmFwXCI+XG5cdFx0XHRcdDxkaXYgY2xhc3M9XCJlYWVsLWdhbGxlcnktZ3JpZC1pdGVtXCI+PGEgaHJlZj1cImh0dHBzOlwvXC9zYW50ZS1zaGlhdHN1LmNvbVwvaW5kZXgucGhwXC9sZS1zaGlhdHN1XC9cIj48ZGl2IGNsYXNzPVwiZ2FsbGVyeS1pdGVtLXRodW1ibmFpbC13cmFwXCI+PGltZyB3aWR0aD1cIjMwMFwiIGhlaWdodD1cIjIwMFwiIHNyYz1cImh0dHBzOlwvXC9zYW50ZS1zaGlhdHN1LmNvbVwvd3AtY29udGVudFwvdXBsb2Fkc1wvMjAyMVwvMDVcL21hc3NhZ2UtMTkyOTA2NF8xOTIwLTMwMHgyMDAuanBnXCIgY2xhc3M9XCJhdHRhY2htZW50LW1lZGl1bSBzaXplLW1lZGl1bSB3cC1pbWFnZS00NFwiIGFsdD1cIlwiIHNyY3NldD1cImh0dHBzOlwvXC9zYW50ZS1zaGlhdHN1LmNvbVwvd3AtY29udGVudFwvdXBsb2Fkc1wvMjAyMVwvMDVcL21hc3NhZ2UtMTkyOTA2NF8xOTIwLTMwMHgyMDAuanBnIDMwMHcsIGh0dHBzOlwvXC9zYW50ZS1zaGlhdHN1LmNvbVwvd3AtY29udGVudFwvdXBsb2Fkc1wvMjAyMVwvMDVcL21hc3NhZ2UtMTkyOTA2NF8xOTIwLTEwMjR4NjgzLmpwZyAxMDI0dywgaHR0cHM6XC9cL3NhbnRlLXNoaWF0c3UuY29tXC93cC1jb250ZW50XC91cGxvYWRzXC8yMDIxXC8wNVwvbWFzc2FnZS0xOTI5MDY0XzE5MjAtNzY4eDUxMi5qcGcgNzY4dywgaHR0cHM6XC9cL3NhbnRlLXNoaWF0c3UuY29tXC93cC1jb250ZW50XC91cGxvYWRzXC8yMDIxXC8wNVwvbWFzc2FnZS0xOTI5MDY0XzE5MjAtMTUzNngxMDI0LmpwZyAxNTM2dywgaHR0cHM6XC9cL3NhbnRlLXNoaWF0c3UuY29tXC93cC1jb250ZW50XC91cGxvYWRzXC8yMDIxXC8wNVwvbWFzc2FnZS0xOTI5MDY0XzE5MjAuanBnIDE5MjB3XCIgc2l6ZXM9XCIobWF4LXdpZHRoOiAzMDBweCkgMTAwdncsIDMwMHB4XCIgXC8+PFwvZGl2PjxcL2E+PGRpdiBjbGFzcz1cImdhbGxlcnktaXRlbS1jYXB0aW9uLXdyYXAgY2FwdGlvbi1zdHlsZS1jYXJkIFwiPjxkaXYgY2xhc3M9XCJnYWxsZXJ5LWl0ZW0tY2FwdGlvbi1vdmVyXCI+PGgyIGNsYXNzPVwiZmctaXRlbS10aXRsZVwiPlF1J2VzdCBjZSBxdWUgbGUgU2hpYXRzdTxcL2gyPjxkaXYgY2xhc3M9XCJmZy1pdGVtLWNvbnRlbnRcIj48cD5PcmlnaW5lIGV0IGJpZW5mYWl0c1x1MDBhMDxcL3A+XG48XC9kaXY+PFwvZGl2PjxcL2Rpdj48XC9kaXY+PFwvZGl2PiIsIjxkaXYgY2xhc3M9XCJlYWVsLWZpbHRlcmFibGUtZ2FsbGVyeS1pdGVtLXdyYXBcIj5cblx0XHRcdFx0PGRpdiBjbGFzcz1cImVhZWwtZ2FsbGVyeS1ncmlkLWl0ZW1cIj48YSBocmVmPVwiaHR0cHM6XC9cL3NhbnRlLXNoaWF0c3UuY29tXC9pbmRleC5waHBcL3Rhcmlmc1wvXCI+PGRpdiBjbGFzcz1cImdhbGxlcnktaXRlbS10aHVtYm5haWwtd3JhcFwiPjxpbWcgd2lkdGg9XCIzMDBcIiBoZWlnaHQ9XCIxOTVcIiBzcmM9XCJodHRwczpcL1wvc2FudGUtc2hpYXRzdS5jb21cL3dwLWNvbnRlbnRcL3VwbG9hZHNcLzIwMjFcLzA1XC9ib25zYWktNDYzNDIyNV8xOTIwLTMwMHgxOTUuanBnXCIgY2xhc3M9XCJhdHRhY2htZW50LW1lZGl1bSBzaXplLW1lZGl1bSB3cC1pbWFnZS0xODVcIiBhbHQ9XCJcIiBzcmNzZXQ9XCJodHRwczpcL1wvc2FudGUtc2hpYXRzdS5jb21cL3dwLWNvbnRlbnRcL3VwbG9hZHNcLzIwMjFcLzA1XC9ib25zYWktNDYzNDIyNV8xOTIwLTMwMHgxOTUuanBnIDMwMHcsIGh0dHBzOlwvXC9zYW50ZS1zaGlhdHN1LmNvbVwvd3AtY29udGVudFwvdXBsb2Fkc1wvMjAyMVwvMDVcL2JvbnNhaS00NjM0MjI1XzE5MjAtMTAyNHg2NjcuanBnIDEwMjR3LCBodHRwczpcL1wvc2FudGUtc2hpYXRzdS5jb21cL3dwLWNvbnRlbnRcL3VwbG9hZHNcLzIwMjFcLzA1XC9ib25zYWktNDYzNDIyNV8xOTIwLTc2OHg1MDAuanBnIDc2OHcsIGh0dHBzOlwvXC9zYW50ZS1zaGlhdHN1LmNvbVwvd3AtY29udGVudFwvdXBsb2Fkc1wvMjAyMVwvMDVcL2JvbnNhaS00NjM0MjI1XzE5MjAtMTUzNngxMDAxLmpwZyAxNTM2dywgaHR0cHM6XC9cL3NhbnRlLXNoaWF0c3UuY29tXC93cC1jb250ZW50XC91cGxvYWRzXC8yMDIxXC8wNVwvYm9uc2FpLTQ2MzQyMjVfMTkyMC5qcGcgMTkyMHdcIiBzaXplcz1cIihtYXgtd2lkdGg6IDMwMHB4KSAxMDB2dywgMzAwcHhcIiBcLz48XC9kaXY+PFwvYT48ZGl2IGNsYXNzPVwiZ2FsbGVyeS1pdGVtLWNhcHRpb24td3JhcCBjYXB0aW9uLXN0eWxlLWNhcmQgXCI+PGRpdiBjbGFzcz1cImdhbGxlcnktaXRlbS1jYXB0aW9uLW92ZXJcIj48aDIgY2xhc3M9XCJmZy1pdGVtLXRpdGxlXCI+VGFyaWZzPFwvaDI+PGRpdiBjbGFzcz1cImZnLWl0ZW0tY29udGVudFwiPjxwPkFkdWx0ZXMsIGVuZmFudHMsIGR1clx1MDBlOWUsIGRcdTAwZTlwbGFjZW1lbnRzPFwvcD5cbjxcL2Rpdj48XC9kaXY+PFwvZGl2PjxcL2Rpdj48XC9kaXY+IiwiPGRpdiBjbGFzcz1cImVhZWwtZmlsdGVyYWJsZS1nYWxsZXJ5LWl0ZW0td3JhcFwiPlxuXHRcdFx0XHQ8ZGl2IGNsYXNzPVwiZWFlbC1nYWxsZXJ5LWdyaWQtaXRlbVwiPjxhIGhyZWY9XCJodHRwczpcL1wvc2FudGUtc2hpYXRzdS5jb21cL2luZGV4LnBocFwvaW5mb3JtYXRpb25zLXByYXRpcXVlc1wvXCI+PGRpdiBjbGFzcz1cImdhbGxlcnktaXRlbS10aHVtYm5haWwtd3JhcFwiPjxpbWcgd2lkdGg9XCIzMDBcIiBoZWlnaHQ9XCIyNDlcIiBzcmM9XCJodHRwczpcL1wvc2FudGUtc2hpYXRzdS5jb21cL3dwLWNvbnRlbnRcL3VwbG9hZHNcLzIwMjFcLzA1XC9DYWJpbmV0LUFSbGFjLTYtMzAweDI0OS5qcGdcIiBjbGFzcz1cImF0dGFjaG1lbnQtbWVkaXVtIHNpemUtbWVkaXVtIHdwLWltYWdlLTE4NlwiIGFsdD1cIlwiIHNyY3NldD1cImh0dHBzOlwvXC9zYW50ZS1zaGlhdHN1LmNvbVwvd3AtY29udGVudFwvdXBsb2Fkc1wvMjAyMVwvMDVcL0NhYmluZXQtQVJsYWMtNi0zMDB4MjQ5LmpwZyAzMDB3LCBodHRwczpcL1wvc2FudGUtc2hpYXRzdS5jb21cL3dwLWNvbnRlbnRcL3VwbG9hZHNcLzIwMjFcLzA1XC9DYWJpbmV0LUFSbGFjLTYtMTAyNHg4NDguanBnIDEwMjR3LCBodHRwczpcL1wvc2FudGUtc2hpYXRzdS5jb21cL3dwLWNvbnRlbnRcL3VwbG9hZHNcLzIwMjFcLzA1XC9DYWJpbmV0LUFSbGFjLTYtNzY4eDYzNi5qcGcgNzY4dywgaHR0cHM6XC9cL3NhbnRlLXNoaWF0c3UuY29tXC93cC1jb250ZW50XC91cGxvYWRzXC8yMDIxXC8wNVwvQ2FiaW5ldC1BUmxhYy02LmpwZyAxNDA2d1wiIHNpemVzPVwiKG1heC13aWR0aDogMzAwcHgpIDEwMHZ3LCAzMDBweFwiIFwvPjxcL2Rpdj48XC9hPjxkaXYgY2xhc3M9XCJnYWxsZXJ5LWl0ZW0tY2FwdGlvbi13cmFwIGNhcHRpb24tc3R5bGUtY2FyZCBcIj48ZGl2IGNsYXNzPVwiZ2FsbGVyeS1pdGVtLWNhcHRpb24tb3ZlclwiPjxoMiBjbGFzcz1cImZnLWl0ZW0tdGl0bGVcIj5JbmZvcm1hdGlvbnMgcHJhdGlxdWVzPFwvaDI+PGRpdiBjbGFzcz1cImZnLWl0ZW0tY29udGVudFwiPjxwPkRcdTAwZTlyb3VsZW1lbnQgZCZyc3F1bzt1bmUgc1x1MDBlOWFuY2UsIGNlcnRpZmljYXRpb25zLCBhZHJlc3NlPFwvcD5cbjxcL2Rpdj48XC9kaXY+PFwvZGl2PjxcL2Rpdj48XC9kaXY+Il0=\" data-init-show=\"3\">\n            <div class=\"eael-filterable-gallery-item-wrap\">\n\t\t\t\t<div class=\"eael-gallery-grid-item\"><a href=\"https:\/\/sante-shiatsu.com\/index.php\/le-shiatsu\/\"><div class=\"gallery-item-thumbnail-wrap\"><img fetchpriority=\"high\" decoding=\"async\" width=\"300\" height=\"200\" src=\"https:\/\/sante-shiatsu.com\/wp-content\/uploads\/2021\/05\/massage-1929064_1920-300x200.jpg\" class=\"attachment-medium size-medium wp-image-44\" alt=\"\" srcset=\"https:\/\/sante-shiatsu.com\/wp-content\/uploads\/2021\/05\/massage-1929064_1920-300x200.jpg 300w, https:\/\/sante-shiatsu.com\/wp-content\/uploads\/2021\/05\/massage-1929064_1920-1024x683.jpg 1024w, https:\/\/sante-shiatsu.com\/wp-content\/uploads\/2021\/05\/massage-1929064_1920-768x512.jpg 768w, https:\/\/sante-shiatsu.com\/wp-content\/uploads\/2021\/05\/massage-1929064_1920-1536x1024.jpg 1536w, https:\/\/sante-shiatsu.com\/wp-content\/uploads\/2021\/05\/massage-1929064_1920.jpg 1920w\" sizes=\"(max-width: 300px) 100vw, 300px\" \/><\/div><\/a><div class=\"gallery-item-caption-wrap caption-style-card \"><div class=\"gallery-item-caption-over\"><h2 class=\"fg-item-title\">Qu'est ce que le Shiatsu<\/h2><div class=\"fg-item-content\"><p>Origine et bienfaits\u00a0<\/p>\n<\/div><\/div><\/div><\/div><\/div><div class=\"eael-filterable-gallery-item-wrap\">\n\t\t\t\t<div class=\"eael-gallery-grid-item\"><a href=\"https:\/\/sante-shiatsu.com\/index.php\/tarifs\/\"><div class=\"gallery-item-thumbnail-wrap\"><img decoding=\"async\" width=\"300\" height=\"195\" src=\"https:\/\/sante-shiatsu.com\/wp-content\/uploads\/2021\/05\/bonsai-4634225_1920-300x195.jpg\" class=\"attachment-medium size-medium wp-image-185\" alt=\"\" srcset=\"https:\/\/sante-shiatsu.com\/wp-content\/uploads\/2021\/05\/bonsai-4634225_1920-300x195.jpg 300w, https:\/\/sante-shiatsu.com\/wp-content\/uploads\/2021\/05\/bonsai-4634225_1920-1024x667.jpg 1024w, https:\/\/sante-shiatsu.com\/wp-content\/uploads\/2021\/05\/bonsai-4634225_1920-768x500.jpg 768w, https:\/\/sante-shiatsu.com\/wp-content\/uploads\/2021\/05\/bonsai-4634225_1920-1536x1001.jpg 1536w, https:\/\/sante-shiatsu.com\/wp-content\/uploads\/2021\/05\/bonsai-4634225_1920.jpg 1920w\" sizes=\"(max-width: 300px) 100vw, 300px\" \/><\/div><\/a><div class=\"gallery-item-caption-wrap caption-style-card \"><div class=\"gallery-item-caption-over\"><h2 class=\"fg-item-title\">Tarifs<\/h2><div class=\"fg-item-content\"><p>Adultes, enfants, dur\u00e9e, d\u00e9placements<\/p>\n<\/div><\/div><\/div><\/div><\/div><div class=\"eael-filterable-gallery-item-wrap\">\n\t\t\t\t<div class=\"eael-gallery-grid-item\"><a href=\"https:\/\/sante-shiatsu.com\/index.php\/informations-pratiques\/\"><div class=\"gallery-item-thumbnail-wrap\"><img decoding=\"async\" width=\"300\" height=\"249\" src=\"https:\/\/sante-shiatsu.com\/wp-content\/uploads\/2021\/05\/Cabinet-ARlac-6-300x249.jpg\" class=\"attachment-medium size-medium wp-image-186\" alt=\"\" srcset=\"https:\/\/sante-shiatsu.com\/wp-content\/uploads\/2021\/05\/Cabinet-ARlac-6-300x249.jpg 300w, https:\/\/sante-shiatsu.com\/wp-content\/uploads\/2021\/05\/Cabinet-ARlac-6-1024x848.jpg 1024w, https:\/\/sante-shiatsu.com\/wp-content\/uploads\/2021\/05\/Cabinet-ARlac-6-768x636.jpg 768w, https:\/\/sante-shiatsu.com\/wp-content\/uploads\/2021\/05\/Cabinet-ARlac-6.jpg 1406w\" sizes=\"(max-width: 300px) 100vw, 300px\" \/><\/div><\/a><div class=\"gallery-item-caption-wrap caption-style-card \"><div class=\"gallery-item-caption-over\"><h2 class=\"fg-item-title\">Informations pratiques<\/h2><div class=\"fg-item-content\"><p>D\u00e9roulement d&rsquo;une s\u00e9ance, certifications, adresse<\/p>\n<\/div><\/div><\/div><\/div><\/div>        <\/div>\n                <\/div>\n        \n        \t\t\t\t<\/div>\n\t\t\t\t<\/div>\n\t\t\t\t<div class=\"elementor-element elementor-element-0902d2f elementor-widget elementor-widget-spacer\" data-id=\"0902d2f\" data-element_type=\"widget\" data-e-type=\"widget\" data-widget_type=\"spacer.default\">\n\t\t\t\t<div class=\"elementor-widget-container\">\n\t\t\t\t\t\t\t<div class=\"elementor-spacer\">\n\t\t\t<div class=\"elementor-spacer-inner\"><\/div>\n\t\t<\/div>\n\t\t\t\t\t\t<\/div>\n\t\t\t\t<\/div>\n\t\t\t\t\t<\/div>\n\t\t<\/div>\n\t\t\t\t\t<\/div>\n\t\t<\/section>\n\t\t\t\t<\/div>\n\t\t","protected":false},"excerpt":{"rendered":"<p>Pensez Sant\u00e9, Pensez Shiatsu Val\u00e9rie Maugard &#8211; Praticienne Shiatsu 06.09.51.12.53 v.maugard@sante-shiatsu.com \u00ab\u00a0Il ne faut que demeurer en repos. La Nature d&rsquo;elle-m\u00eame, si nous la laissons faire, se tire doucement du d\u00e9sordre o\u00f9 elle est tomb\u00e9e.C&rsquo;est notre inqui\u00e9tude, c&rsquo;est notre impatience qui g\u00e2te tout; et presque tous les Hommes meurent de leurs rem\u00e8des et non de&#8230;<\/p>\n","protected":false},"author":1,"featured_media":0,"parent":0,"menu_order":0,"comment_status":"closed","ping_status":"closed","template":"","meta":{"_kad_post_transparent":"","_kad_post_title":"hide","_kad_post_layout":"fullwidth","_kad_post_sidebar_id":"","_kad_post_content_style":"unboxed","_kad_post_vertical_padding":"hide","_kad_post_feature":"hide","_kad_post_feature_position":"","_kad_post_header":false,"_kad_post_footer":false,"_kad_post_classname":"","footnotes":""},"class_list":["post-5","page","type-page","status-publish","hentry"],"_links":{"self":[{"href":"https:\/\/sante-shiatsu.com\/index.php\/wp-json\/wp\/v2\/pages\/5","targetHints":{"allow":["GET"]}}],"collection":[{"href":"https:\/\/sante-shiatsu.com\/index.php\/wp-json\/wp\/v2\/pages"}],"about":[{"href":"https:\/\/sante-shiatsu.com\/index.php\/wp-json\/wp\/v2\/types\/page"}],"author":[{"embeddable":true,"href":"https:\/\/sante-shiatsu.com\/index.php\/wp-json\/wp\/v2\/users\/1"}],"replies":[{"embeddable":true,"href":"https:\/\/sante-shiatsu.com\/index.php\/wp-json\/wp\/v2\/comments?post=5"}],"version-history":[{"count":140,"href":"https:\/\/sante-shiatsu.com\/index.php\/wp-json\/wp\/v2\/pages\/5\/revisions"}],"predecessor-version":[{"id":320,"href":"https:\/\/sante-shiatsu.com\/index.php\/wp-json\/wp\/v2\/pages\/5\/revisions\/320"}],"wp:attachment":[{"href":"https:\/\/sante-shiatsu.com\/index.php\/wp-json\/wp\/v2\/media?parent=5"}],"curies":[{"name":"wp","href":"https:\/\/api.w.org\/{rel}","templated":true}]}}