{"id":35,"date":"2021-05-13T20:03:40","date_gmt":"2021-05-13T20:03:40","guid":{"rendered":"https:\/\/sante-shiatsu.com\/?page_id=35"},"modified":"2021-12-12T10:08:37","modified_gmt":"2021-12-12T10:08:37","slug":"le-shiatsu","status":"publish","type":"page","link":"https:\/\/sante-shiatsu.com\/index.php\/le-shiatsu\/","title":{"rendered":"Le Shiatsu"},"content":{"rendered":"\t\t<div data-elementor-type=\"wp-page\" data-elementor-id=\"35\" class=\"elementor elementor-35\">\n\t\t\t\t\t\t<section class=\"elementor-section elementor-top-section elementor-element elementor-element-b687c2d animated-slow elementor-section-boxed elementor-section-height-default elementor-section-height-default elementor-invisible\" data-id=\"b687c2d\" data-element_type=\"section\" data-e-type=\"section\" data-settings=\"{&quot;background_background&quot;:&quot;classic&quot;,&quot;animation&quot;:&quot;fadeIn&quot;}\">\n\t\t\t\t\t\t<div class=\"elementor-container elementor-column-gap-default\">\n\t\t\t\t\t<div class=\"elementor-column elementor-col-100 elementor-top-column elementor-element elementor-element-e2abddf\" data-id=\"e2abddf\" data-element_type=\"column\" data-e-type=\"column\">\n\t\t\t<div class=\"elementor-widget-wrap elementor-element-populated\">\n\t\t\t\t\t\t<div class=\"elementor-element elementor-element-2c39987 elementor-widget elementor-widget-spacer\" data-id=\"2c39987\" data-element_type=\"widget\" data-e-type=\"widget\" data-widget_type=\"spacer.default\">\n\t\t\t\t<div class=\"elementor-widget-container\">\n\t\t\t\t\t\t\t<div class=\"elementor-spacer\">\n\t\t\t<div class=\"elementor-spacer-inner\"><\/div>\n\t\t<\/div>\n\t\t\t\t\t\t<\/div>\n\t\t\t\t<\/div>\n\t\t\t\t<div class=\"elementor-element elementor-element-78c2b25 elementor-widget elementor-widget-heading\" data-id=\"78c2b25\" data-element_type=\"widget\" data-e-type=\"widget\" data-widget_type=\"heading.default\">\n\t\t\t\t<div class=\"elementor-widget-container\">\n\t\t\t\t\t<h2 class=\"elementor-heading-title elementor-size-default\">Qu'est ce que le Shiatsu<\/h2>\t\t\t\t<\/div>\n\t\t\t\t<\/div>\n\t\t\t\t<section class=\"elementor-section elementor-inner-section elementor-element elementor-element-7107d6e elementor-section-boxed elementor-section-height-default elementor-section-height-default\" data-id=\"7107d6e\" data-element_type=\"section\" data-e-type=\"section\">\n\t\t\t\t\t\t<div class=\"elementor-container elementor-column-gap-default\">\n\t\t\t\t\t<div class=\"elementor-column elementor-col-50 elementor-inner-column elementor-element elementor-element-06e3151\" data-id=\"06e3151\" data-element_type=\"column\" data-e-type=\"column\">\n\t\t\t<div class=\"elementor-widget-wrap elementor-element-populated\">\n\t\t\t\t\t\t<div class=\"elementor-element elementor-element-f8bc993 elementor-widget elementor-widget-text-editor\" data-id=\"f8bc993\" data-element_type=\"widget\" data-e-type=\"widget\" data-widget_type=\"text-editor.default\">\n\t\t\t\t<div class=\"elementor-widget-container\">\n\t\t\t\t\t\t\t\t\t<p style=\"text-align: justify;\">Comme de nombreuses m\u00e9thodes de soins holistiques de par le monde, le Shiatsu est fond\u00e9 sur le principe que \u00ab <strong>Corps et Esprit<\/strong> \u00bb sont <strong>indissociables<\/strong> et que le d\u00e9s\u00e9quilibre de l\u2019un influe automatiquement sur l\u2019autre.<\/p><p style=\"text-align: justify;\">Le Shiatsu est une m\u00e9thode japonaise, bas\u00e9e sur l&rsquo;utilisation traditionnelle de l&rsquo;\u00e9nerg\u00e9tique orientale, par<strong> pressions et rel\u00e2chements<\/strong> sur les points des m\u00e9ridiens de l\u2019acupuncture. C\u2019est une <strong>th\u00e9rapie traditionnellement reconnue<\/strong> au Japon, et officiellement au niveau europ\u00e9en depuis mai 1997 ; cette reconnaissance en atteste <strong>le professionnalisme et l\u2019efficacit\u00e9<\/strong>.<\/p><p style=\"text-align: justify;\">Par arr\u00eat\u00e9 du 17 juillet 2015, la pratique du shiatsu a \u00e9t\u00e9 enregistr\u00e9e au r\u00e9pertoire national des certifications professionnelles. Elle est donc maintenant officiellement reconnue en France et commence \u00e0 \u00eatre <strong>rembours\u00e9e par de nombreuses mutuelles<\/strong>.<\/p>\t\t\t\t\t\t\t\t<\/div>\n\t\t\t\t<\/div>\n\t\t\t\t\t<\/div>\n\t\t<\/div>\n\t\t\t\t<div class=\"elementor-column elementor-col-50 elementor-inner-column elementor-element elementor-element-f635190\" data-id=\"f635190\" data-element_type=\"column\" data-e-type=\"column\">\n\t\t\t<div class=\"elementor-widget-wrap elementor-element-populated\">\n\t\t\t\t\t\t<div class=\"elementor-element elementor-element-5512bb1 elementor-hidden-tablet elementor-hidden-phone elementor-widget elementor-widget-image\" data-id=\"5512bb1\" data-element_type=\"widget\" data-e-type=\"widget\" data-widget_type=\"image.default\">\n\t\t\t\t<div class=\"elementor-widget-container\">\n\t\t\t\t\t\t\t\t\t\t\t\t\t\t\t<img decoding=\"async\" src=\"https:\/\/sante-shiatsu.com\/wp-content\/uploads\/elementor\/thumbs\/massage-1929064_1920-p74fjkzt8pjzlsd3z10nubdxklywvzrhb3qxttze74.jpg\" title=\"massage-1929064_1920\" alt=\"massage-1929064_1920\" loading=\"lazy\" \/>\t\t\t\t\t\t\t\t\t\t\t\t\t\t\t<\/div>\n\t\t\t\t<\/div>\n\t\t\t\t\t<\/div>\n\t\t<\/div>\n\t\t\t\t\t<\/div>\n\t\t<\/section>\n\t\t\t\t<div class=\"elementor-element elementor-element-1221505 elementor-widget elementor-widget-button\" data-id=\"1221505\" data-element_type=\"widget\" data-e-type=\"widget\" data-widget_type=\"button.default\">\n\t\t\t\t<div class=\"elementor-widget-container\">\n\t\t\t\t\t\t\t\t\t<div class=\"elementor-button-wrapper\">\n\t\t\t\t\t<a class=\"elementor-button elementor-button-link elementor-size-sm\" href=\"https:\/\/www.lelynx.fr\/mutuelle-sante\/soins\/medicaux\/medecine-douce\/shiatsu\/\" target=\"_blank\">\n\t\t\t\t\t\t<span class=\"elementor-button-content-wrapper\">\n\t\t\t\t\t\t\t\t\t<span class=\"elementor-button-text\">Pour les conna\u00eetre cliquez ici<\/span>\n\t\t\t\t\t<\/span>\n\t\t\t\t\t<\/a>\n\t\t\t\t<\/div>\n\t\t\t\t\t\t\t\t<\/div>\n\t\t\t\t<\/div>\n\t\t\t\t<div class=\"elementor-element elementor-element-cd2881b elementor-widget elementor-widget-text-editor\" data-id=\"cd2881b\" data-element_type=\"widget\" data-e-type=\"widget\" data-widget_type=\"text-editor.default\">\n\t\t\t\t<div class=\"elementor-widget-container\">\n\t\t\t\t\t\t\t\t\t<p style=\"text-align: justify;\">Cette pratique, qui s&rsquo;adresse du plus jeune au plus \u00e2g\u00e9, permet de retrouver <strong>un \u00e9tat de bien-\u00eatre<\/strong>, de d\u00e9tente et de relaxation, elle apaise et redonne vitalit\u00e9 et dynamisme<strong>\u00a0d\u00e8s la premi\u00e8re s\u00e9ance<\/strong>. Id\u00e9ale et indolore, elle se pratique <strong>\u00e0 travers des v\u00eatements<\/strong> sur futon, table ou chaise sp\u00e9cifique.<\/p>\t\t\t\t\t\t\t\t<\/div>\n\t\t\t\t<\/div>\n\t\t\t\t<div class=\"elementor-element elementor-element-d709fe5 elementor-widget elementor-widget-spacer\" data-id=\"d709fe5\" data-element_type=\"widget\" data-e-type=\"widget\" data-widget_type=\"spacer.default\">\n\t\t\t\t<div class=\"elementor-widget-container\">\n\t\t\t\t\t\t\t<div class=\"elementor-spacer\">\n\t\t\t<div class=\"elementor-spacer-inner\"><\/div>\n\t\t<\/div>\n\t\t\t\t\t\t<\/div>\n\t\t\t\t<\/div>\n\t\t\t\t<div class=\"elementor-element elementor-element-830f189 elementor-widget elementor-widget-heading\" data-id=\"830f189\" data-element_type=\"widget\" data-e-type=\"widget\" data-widget_type=\"heading.default\">\n\t\t\t\t<div class=\"elementor-widget-container\">\n\t\t\t\t\t<h2 class=\"elementor-heading-title elementor-size-default\">Shiatsu et Energ\u00e9tique Orientale <\/h2>\t\t\t\t<\/div>\n\t\t\t\t<\/div>\n\t\t\t\t<div class=\"elementor-element elementor-element-a436ccd elementor-widget elementor-widget-text-editor\" data-id=\"a436ccd\" data-element_type=\"widget\" data-e-type=\"widget\" data-widget_type=\"text-editor.default\">\n\t\t\t\t<div class=\"elementor-widget-container\">\n\t\t\t\t\t\t\t\t\t<p style=\"text-align: justify;\">L&rsquo;utilisation de l&rsquo;\u00e9nerg\u00e9tique orientale fut introduite au Japon par des moines bouddhistes vers le <strong>VI\u00e8me si\u00e8cle.<\/strong> Adopt\u00e9e et int\u00e9gr\u00e9e dans la culture des japonais, ils \u00e9laborent empiriquement au fil des ann\u00e9es, <strong>des protocoles et des techniques d\u2019encha\u00eenements rigoureux.<\/strong><\/p><p style=\"text-align: justify;\">Le Qi (\u00e9nergie proprement dite <strong>Vitale<\/strong>), est issu de l\u2019interaction du Qi du Ciel et de celui de la Terre.<\/p><p>Un accent tout particulier est mis sur la relation qui existe entre <strong>l\u2019Etre Humain et son environnement<\/strong> et on consid\u00e8re m\u00eame que \u00ab<strong>Le Qi est la base m\u00eame de l\u2019Etre Humain<\/strong>\u00bb. Le bilan \u00e9nerg\u00e9tique et le traitement du praticien tient compte de cet environnement et des \u00e9v\u00e9nements ou circonstances particuli\u00e8res touchant de pr\u00e8s le patient.<\/p>\t\t\t\t\t\t\t\t<\/div>\n\t\t\t\t<\/div>\n\t\t\t\t<div class=\"elementor-element elementor-element-ab01335 elementor-widget elementor-widget-spacer\" data-id=\"ab01335\" data-element_type=\"widget\" data-e-type=\"widget\" data-widget_type=\"spacer.default\">\n\t\t\t\t<div class=\"elementor-widget-container\">\n\t\t\t\t\t\t\t<div class=\"elementor-spacer\">\n\t\t\t<div class=\"elementor-spacer-inner\"><\/div>\n\t\t<\/div>\n\t\t\t\t\t\t<\/div>\n\t\t\t\t<\/div>\n\t\t\t\t<div class=\"elementor-element elementor-element-c0fdc0b elementor-widget elementor-widget-image\" data-id=\"c0fdc0b\" data-element_type=\"widget\" data-e-type=\"widget\" data-widget_type=\"image.default\">\n\t\t\t\t<div class=\"elementor-widget-container\">\n\t\t\t\t\t\t\t\t\t\t\t\t\t\t\t<img decoding=\"async\" src=\"https:\/\/sante-shiatsu.com\/wp-content\/uploads\/elementor\/thumbs\/tete-p763ovzg9gasuv22wjbvmvayi1cl769neh19k282lo.jpg\" title=\"tete\" alt=\"tete\" loading=\"lazy\" \/>\t\t\t\t\t\t\t\t\t\t\t\t\t\t\t<\/div>\n\t\t\t\t<\/div>\n\t\t\t\t<div class=\"elementor-element elementor-element-ba85b4e elementor-widget elementor-widget-heading\" data-id=\"ba85b4e\" data-element_type=\"widget\" data-e-type=\"widget\" data-widget_type=\"heading.default\">\n\t\t\t\t<div class=\"elementor-widget-container\">\n\t\t\t\t\t<h2 class=\"elementor-heading-title elementor-size-default\">Les principes d\u2019action du Shiatsu<\/h2>\t\t\t\t<\/div>\n\t\t\t\t<\/div>\n\t\t\t\t<div class=\"elementor-element elementor-element-f6bb72d elementor-widget elementor-widget-text-editor\" data-id=\"f6bb72d\" data-element_type=\"widget\" data-e-type=\"widget\" data-widget_type=\"text-editor.default\">\n\t\t\t\t<div class=\"elementor-widget-container\">\n\t\t\t\t\t\t\t\t\t<p style=\"text-align: justify;\">En influant sur <strong>le rel\u00e2chement du syst\u00e8me<\/strong> tendino musculaire, le Shiatsu <strong>stimule le syst\u00e8me neurov\u00e9g\u00e9tatif<\/strong> (immunitaire et endocrinien), et mobilise les <strong>fascias<\/strong>. Cette relaxation globale entra\u00eene un effet positif sur le syst\u00e8me nerveux.<\/p><p style=\"text-align: justify;\">Par cet apaisement des douleurs, du stress, des tensions nerveuses et musculaires, le Shiatsu <strong>contribue au traitement des affections<\/strong> : il am\u00e9liore la souplesse des tissus musculaires ; corrige les d\u00e9fauts mineurs du squelette.<\/p><p style=\"text-align: justify;\">Dynamisant, relaxant et r\u00e9\u00e9quilibrant le Shiatsu facilite <strong>le fonctionnement harmonieux des syst\u00e8mes vitaux<\/strong> ; il stimule la circulation du sang et de la lymphe, favorise l\u2019\u00e9limination des toxines, restaure la vitalit\u00e9 du corps et combat les insomnies par une harmonisation de la circulation du Qi.<\/p><p>Le Shiatsu est utilis\u00e9 pour soulager de <strong>nombreux troubles<\/strong> :<\/p><ul><li>rhumatologiques (arthrose, arthrite, lumbago, cervicalgie, torticolis);<\/li><li>gyn\u00e9cologiques (naus\u00e9es matinales durant la grossesse, soins post-partum, troubles du cycle menstruel);<\/li><li>psychologiques (d\u00e9pression nerveuse, anxi\u00e9t\u00e9, angoisse, toxicomanie, troubles sexuels);<\/li><li>respiratoires (asthme, rhume, sinusite);<\/li><li>digestifs (colite, constipation, reflux gastrique, maux de ventre, vomissement).<\/li><\/ul>\t\t\t\t\t\t\t\t<\/div>\n\t\t\t\t<\/div>\n\t\t\t\t<div class=\"elementor-element elementor-element-0490b5c elementor-widget elementor-widget-text-editor\" data-id=\"0490b5c\" data-element_type=\"widget\" data-e-type=\"widget\" data-widget_type=\"text-editor.default\">\n\t\t\t\t<div class=\"elementor-widget-container\">\n\t\t\t\t\t\t\t\t\t<p style=\"text-align: justify;\">G\u00e9n\u00e9ralement apr\u00e8s le soin, des sensations de fatigue peuvent se faire sentir car le <strong>corps d\u00e9loge les toxines <\/strong>qui seront ensuite \u00e9vacu\u00e9es par les \u00e9monctoires naturels. Au sortir de la premi\u00e8re s\u00e9ance, le corps est autant <strong>relax\u00e9 que revitalis\u00e9.<\/strong><\/p><p style=\"text-align: justify;\"><strong><span style=\"text-decoration: underline;\">Information importante<\/span> : les soins prodigu\u00e9s ne se substituent en aucun cas \u00e0 ceux des professionnels de sant\u00e9 et ne dispensent aucunement d\u2019une consultation m\u00e9dicale.<\/strong><\/p>\t\t\t\t\t\t\t\t<\/div>\n\t\t\t\t<\/div>\n\t\t\t\t<div class=\"elementor-element elementor-element-434fec7 elementor-widget elementor-widget-spacer\" data-id=\"434fec7\" data-element_type=\"widget\" data-e-type=\"widget\" data-widget_type=\"spacer.default\">\n\t\t\t\t<div class=\"elementor-widget-container\">\n\t\t\t\t\t\t\t<div class=\"elementor-spacer\">\n\t\t\t<div class=\"elementor-spacer-inner\"><\/div>\n\t\t<\/div>\n\t\t\t\t\t\t<\/div>\n\t\t\t\t<\/div>\n\t\t\t\t\t<\/div>\n\t\t<\/div>\n\t\t\t\t\t<\/div>\n\t\t<\/section>\n\t\t\t\t<\/div>\n\t\t","protected":false},"excerpt":{"rendered":"<p>Qu&rsquo;est ce que le Shiatsu Comme de nombreuses m\u00e9thodes de soins holistiques de par le monde, le Shiatsu est fond\u00e9 sur le principe que \u00ab Corps et Esprit \u00bb sont indissociables et que le d\u00e9s\u00e9quilibre de l\u2019un influe automatiquement sur l\u2019autre. Le Shiatsu est une m\u00e9thode japonaise, bas\u00e9e sur l&rsquo;utilisation traditionnelle de l&rsquo;\u00e9nerg\u00e9tique orientale, par&#8230;<\/p>\n","protected":false},"author":1,"featured_media":0,"parent":0,"menu_order":0,"comment_status":"closed","ping_status":"closed","template":"","meta":{"_kad_post_transparent":"","_kad_post_title":"hide","_kad_post_layout":"fullwidth","_kad_post_sidebar_id":"","_kad_post_content_style":"unboxed","_kad_post_vertical_padding":"hide","_kad_post_feature":"hide","_kad_post_feature_position":"","_kad_post_header":false,"_kad_post_footer":false,"_kad_post_classname":"","footnotes":""},"class_list":["post-35","page","type-page","status-publish","hentry"],"_links":{"self":[{"href":"https:\/\/sante-shiatsu.com\/index.php\/wp-json\/wp\/v2\/pages\/35","targetHints":{"allow":["GET"]}}],"collection":[{"href":"https:\/\/sante-shiatsu.com\/index.php\/wp-json\/wp\/v2\/pages"}],"about":[{"href":"https:\/\/sante-shiatsu.com\/index.php\/wp-json\/wp\/v2\/types\/page"}],"author":[{"embeddable":true,"href":"https:\/\/sante-shiatsu.com\/index.php\/wp-json\/wp\/v2\/users\/1"}],"replies":[{"embeddable":true,"href":"https:\/\/sante-shiatsu.com\/index.php\/wp-json\/wp\/v2\/comments?post=35"}],"version-history":[{"count":153,"href":"https:\/\/sante-shiatsu.com\/index.php\/wp-json\/wp\/v2\/pages\/35\/revisions"}],"predecessor-version":[{"id":539,"href":"https:\/\/sante-shiatsu.com\/index.php\/wp-json\/wp\/v2\/pages\/35\/revisions\/539"}],"wp:attachment":[{"href":"https:\/\/sante-shiatsu.com\/index.php\/wp-json\/wp\/v2\/media?parent=35"}],"curies":[{"name":"wp","href":"https:\/\/api.w.org\/{rel}","templated":true}]}}